{"id":369,"date":"2022-04-03T15:21:45","date_gmt":"2022-04-03T13:21:45","guid":{"rendered":"https:\/\/rinoraw.com\/contact\/"},"modified":"2022-04-03T21:32:58","modified_gmt":"2022-04-03T19:32:58","slug":"contact","status":"publish","type":"page","link":"https:\/\/rinoraw.com\/en\/contact\/","title":{"rendered":"Contact"},"content":{"rendered":"<div id='av_section_1'  class='avia-section av-tbub2-bab697dca1096ea70a3030c451ab21d8 main_color avia-section-default avia-no-border-styling  avia-builder-el-0  avia-builder-el-no-sibling  avia-bg-style-scroll container_wrap fullsize'  ><div class='container av-section-cont-open' ><main  role=\"main\" itemprop=\"mainContentOfPage\"  class='template-page content  av-content-full alpha units'><div class='post-entry post-entry-type-page post-entry-369'><div class='entry-content-wrapper clearfix'>\n<div class='flex_column av-m3fb2-5ee34e410464709e13c035a33cfeb166 av_three_fifth  avia-builder-el-1  el_before_av_two_fifth  avia-builder-el-first  first flex_column_div '     ><p>\n<style type=\"text\/css\" data-created_by=\"avia_inline_auto\" id=\"style-css-av-l1jbd28x-2b939cc55cf64e8f8df26d5ee349fae1\">\n#top .av-special-heading.av-l1jbd28x-2b939cc55cf64e8f8df26d5ee349fae1{\npadding-bottom:10px;\n}\nbody .av-special-heading.av-l1jbd28x-2b939cc55cf64e8f8df26d5ee349fae1 .av-special-heading-tag .heading-char{\nfont-size:25px;\n}\n.av-special-heading.av-l1jbd28x-2b939cc55cf64e8f8df26d5ee349fae1 .av-subheading{\nfont-size:15px;\n}\n<\/style>\n<div  class='av-special-heading av-l1jbd28x-2b939cc55cf64e8f8df26d5ee349fae1 av-special-heading-h3 blockquote modern-quote  avia-builder-el-2  el_before_av_contact  avia-builder-el-first '><h3 class='av-special-heading-tag'  itemprop=\"headline\"  >Send me an email<\/h3><div class=\"special-heading-border\"><div class=\"special-heading-inner-border\"><\/div><\/div><\/div><br \/>\n<form action=\"https:\/\/rinoraw.com\/en\/contact\/\" method=\"post\"  class=\"avia_ajax_form av-form-labels-visible   avia-builder-el-3  el_after_av_heading  el_before_av_textblock   \" data-avia-form-id=\"1\" data-avia-redirect='' ><fieldset><p class='  first_form  form_element form_fullwidth' id='element_avia_1_1'><label for=\"avia_1_1\">Your name <abbr class=\"required\" title=\"required\">*<\/abbr><\/label> <input name=\"avia_1_1\" class=\"text_input is_empty\" type=\"text\" id=\"avia_1_1\" value=\"\" \/><\/p><p class='  first_form  form_element form_fullwidth' id='element_avia_2_1'><label for=\"avia_2_1\">Your E-Mail <abbr class=\"required\" title=\"required\">*<\/abbr><\/label> <input name=\"avia_2_1\" class=\"text_input is_email\" type=\"text\" id=\"avia_2_1\" value=\"\" \/><\/p><p class='  first_form  form_element form_fullwidth av-last-visible-form-element' id='element_avia_3_1'><label for=\"avia_3_1\" class=\"textare_label hidden textare_label_avia_3_1\">Message <abbr class=\"required\" title=\"required\">*<\/abbr><\/label><textarea  name=\"avia_3_1\" class=\"text_area is_empty\" cols=\"40\" rows=\"7\" id=\"avia_3_1\" ><\/textarea><\/p><p class=\"hidden\"><input type=\"text\" name=\"avia_4_1\" class=\"hidden \" id=\"avia_4_1\" value=\"\" \/><\/p><p class=\"form_element \"><input type=\"hidden\" value=\"1\" name=\"avia_generated_form1\" \/><input type=\"submit\" value=\"Valider\" class=\"button\"  data-sending-label=\"Sending\"\/><\/p><\/fieldset><\/form><div id=\"ajaxresponse_1\" class=\"ajaxresponse ajaxresponse_1 hidden\"><\/div><br \/>\n\n<style type=\"text\/css\" data-created_by=\"avia_inline_auto\" id=\"style-css-av-l1jbinko-b136fc66d80a2c1d336c97699f903c50\">\n#top .av_textblock_section.av-l1jbinko-b136fc66d80a2c1d336c97699f903c50 .avia_textblock{\nfont-size:11px;\n}\n\n@media only screen and (min-width: 768px) and (max-width: 989px){ \n#top .av_textblock_section.av-l1jbinko-b136fc66d80a2c1d336c97699f903c50 .avia_textblock{\nfont-size:11px;\n}\n}\n\n@media only screen and (min-width: 480px) and (max-width: 767px){ \n#top .av_textblock_section.av-l1jbinko-b136fc66d80a2c1d336c97699f903c50 .avia_textblock{\nfont-size:10px;\n}\n}\n\n@media only screen and (max-width: 479px){ \n#top .av_textblock_section.av-l1jbinko-b136fc66d80a2c1d336c97699f903c50 .avia_textblock{\nfont-size:9px;\n}\n}\n<\/style>\n<section  class='av_textblock_section av-l1jbinko-b136fc66d80a2c1d336c97699f903c50'  itemscope=\"itemscope\" itemtype=\"https:\/\/schema.org\/CreativeWork\" ><div class='avia_textblock'  itemprop=\"text\" ><p><em> La collecte et le traitement de vos donn\u00e9es, effectu\u00e9s \u00e0 partir de mon site sont conforme au r\u00e8glement g\u00e9n\u00e9ral sur la protection des donn\u00e9es (RGPD) et \u00e0 la loi Informatique et libert\u00e9s. Je ne collecte que des donn\u00e9es de ce formulaire pour pouvoir vous r\u00e9pondre et je ne conserve pas ces donn\u00e9es.<\/em><\/p>\n<\/div><\/section><\/p><\/div><div class='flex_column av-9kkli-446d8440d3fc29ca8ec88ac9af7bc78a av_two_fifth  avia-builder-el-5  el_after_av_three_fifth  avia-builder-el-last  flex_column_div '     ><p>\n<style type=\"text\/css\" data-created_by=\"avia_inline_auto\" id=\"style-css-av-l1jbcp33-41844f1e5719b437d73b7b50fdeb0295\">\n#top .av-special-heading.av-l1jbcp33-41844f1e5719b437d73b7b50fdeb0295{\npadding-bottom:10px;\n}\nbody .av-special-heading.av-l1jbcp33-41844f1e5719b437d73b7b50fdeb0295 .av-special-heading-tag .heading-char{\nfont-size:25px;\n}\n.av-special-heading.av-l1jbcp33-41844f1e5719b437d73b7b50fdeb0295 .av-subheading{\nfont-size:15px;\n}\n<\/style>\n<div  class='av-special-heading av-l1jbcp33-41844f1e5719b437d73b7b50fdeb0295 av-special-heading-h3 blockquote modern-quote  avia-builder-el-6  el_before_av_textblock  avia-builder-el-first '><h3 class='av-special-heading-tag'  itemprop=\"headline\"  >Thrusted partners<\/h3><div class=\"special-heading-border\"><div class=\"special-heading-inner-border\"><\/div><\/div><\/div><br \/>\n<section  class='av_textblock_section av-l1jbbf6d-28aba3ea0d1b8232dbdc96a77e2d6577'  itemscope=\"itemscope\" itemtype=\"https:\/\/schema.org\/CreativeWork\" ><div class='avia_textblock'  itemprop=\"text\" ><ul>\n<li><strong>Xlm mecanique<\/strong> &#8211; La Farl\u00e8de (83)<br \/>\n04 94 33 40 58<br \/>\nPrecision manufacturing, boring, threading, embossing, electro-erosion, gear grinding, gear cutting gear, prototyping, stainless steel, aluminium and plastic machining.<\/li>\n<li><strong>M\u00e9canoplast<\/strong> &#8211; La Crau (83)<br \/>\n04 94 66 11 57<br \/>\nM\u00e9canoplast specialises in nautical and aeronautical industry and the creation of molds and laying of synthetic foam.<br \/>\n<a href=\"https:\/\/www.materiaux-composites.com\/\" target=\"_blank\" rel=\"noopener\">materiaux-composites.com<\/a><\/li>\n<\/ul>\n<ul>\n<li><strong>Chapo&#8217;s furnitures<\/strong> &#8211; Massive Wood by Pierre Chapo &#8211; Gordes (FRANCE)<br \/>\nWe suggest you here discovering solid wood furnitures. Models from PIERRE CHAPO, designer marking by his work the second half of the XXth century.<br \/>\n<a href=\"https:\/\/chapo-creation.com\" target=\"_blank\" rel=\"noopener\">chapo-creation.com<\/a><\/li>\n<\/ul>\n<\/div><\/section><\/p><\/div>\n","protected":false},"excerpt":{"rendered":"","protected":false},"author":1,"featured_media":0,"parent":0,"menu_order":0,"comment_status":"closed","ping_status":"closed","template":"","meta":{"footnotes":""},"class_list":["post-369","page","type-page","status-publish","hentry"],"_links":{"self":[{"href":"https:\/\/rinoraw.com\/en\/wp-json\/wp\/v2\/pages\/369","targetHints":{"allow":["GET"]}}],"collection":[{"href":"https:\/\/rinoraw.com\/en\/wp-json\/wp\/v2\/pages"}],"about":[{"href":"https:\/\/rinoraw.com\/en\/wp-json\/wp\/v2\/types\/page"}],"author":[{"embeddable":true,"href":"https:\/\/rinoraw.com\/en\/wp-json\/wp\/v2\/users\/1"}],"replies":[{"embeddable":true,"href":"https:\/\/rinoraw.com\/en\/wp-json\/wp\/v2\/comments?post=369"}],"version-history":[{"count":0,"href":"https:\/\/rinoraw.com\/en\/wp-json\/wp\/v2\/pages\/369\/revisions"}],"wp:attachment":[{"href":"https:\/\/rinoraw.com\/en\/wp-json\/wp\/v2\/media?parent=369"}],"curies":[{"name":"wp","href":"https:\/\/api.w.org\/{rel}","templated":true}]}}